{"id":2386,"date":"2026-02-19T17:47:36","date_gmt":"2026-02-19T20:47:36","guid":{"rendered":"https:\/\/mydinka.com\/wordpress\/produto\/mixer-versatile-black-127v-m-08\/"},"modified":"2026-02-19T17:47:36","modified_gmt":"2026-02-19T20:47:36","slug":"mixer-versatile-black-127v-m-08","status":"publish","type":"product","link":"https:\/\/mydinka.com\/wordpress\/produto\/mixer-versatile-black-127v-m-08\/","title":{"rendered":"Mixer Versatile Black 127v (m-08)"},"content":{"rendered":"<p>Temos produtos personalizados com laser, m\u00e1quinas de corte, acr\u00edlico, MDF, vidros, copos, estampas, impress\u00e3o, chaveiros, brindes, gr\u00e1fica, f\u00e1brica, confec\u00e7\u00e3o de roupas, cal\u00e7ados e outros &#8230;<\/p>\n<p>Fabricamos produtos com a sua marca, foto ou nome &#8230;<\/p>\n<p>Compras em atacado temos descontos &#8230;<\/p>\n<p>Marca LOJA DINKA &#8230;<\/p>\n<p>Obrigado .<\/p>\n","protected":false},"excerpt":{"rendered":"<p>Temos produtos personalizados com laser, m\u00e1quinas de corte, acr\u00edlico, MDF, vidros, copos, estampas, impress\u00e3o, chaveiros, brindes, gr\u00e1fica, f\u00e1brica, confec\u00e7\u00e3o de [&hellip;]<\/p>\n","protected":false},"featured_media":0,"comment_status":"open","ping_status":"closed","template":"","meta":{"site-sidebar-layout":"default","site-content-layout":"","ast-site-content-layout":"default","site-content-style":"default","site-sidebar-style":"default","ast-global-header-display":"","ast-banner-title-visibility":"","ast-main-header-display":"","ast-hfb-above-header-display":"","ast-hfb-below-header-display":"","ast-hfb-mobile-header-display":"","site-post-title":"","ast-breadcrumbs-content":"","ast-featured-img":"","footer-sml-layout":"","ast-disable-related-posts":"","theme-transparent-header-meta":"","adv-header-id-meta":"","stick-header-meta":"","header-above-stick-meta":"","header-main-stick-meta":"","header-below-stick-meta":"","astra-migrate-meta-layouts":"default","ast-page-background-enabled":"default","ast-page-background-meta":{"desktop":{"background-color":"var(--ast-global-color-5)","background-image":"","background-repeat":"repeat","background-position":"center center","background-size":"auto","background-attachment":"scroll","background-type":"","background-media":"","overlay-type":"","overlay-color":"","overlay-opacity":"","overlay-gradient":""},"tablet":{"background-color":"","background-image":"","background-repeat":"repeat","background-position":"center center","background-size":"auto","background-attachment":"scroll","background-type":"","background-media":"","overlay-type":"","overlay-color":"","overlay-opacity":"","overlay-gradient":""},"mobile":{"background-color":"","background-image":"","background-repeat":"repeat","background-position":"center center","background-size":"auto","background-attachment":"scroll","background-type":"","background-media":"","overlay-type":"","overlay-color":"","overlay-opacity":"","overlay-gradient":""}},"ast-content-background-meta":{"desktop":{"background-color":"var(--ast-global-color-4)","background-image":"","background-repeat":"repeat","background-position":"center center","background-size":"auto","background-attachment":"scroll","background-type":"","background-media":"","overlay-type":"","overlay-color":"","overlay-opacity":"","overlay-gradient":""},"tablet":{"background-color":"var(--ast-global-color-4)","background-image":"","background-repeat":"repeat","background-position":"center center","background-size":"auto","background-attachment":"scroll","background-type":"","background-media":"","overlay-type":"","overlay-color":"","overlay-opacity":"","overlay-gradient":""},"mobile":{"background-color":"var(--ast-global-color-4)","background-image":"","background-repeat":"repeat","background-position":"center center","background-size":"auto","background-attachment":"scroll","background-type":"","background-media":"","overlay-type":"","overlay-color":"","overlay-opacity":"","overlay-gradient":""}}},"product_brand":[],"product_cat":[],"product_tag":[],"class_list":{"0":"post-2386","1":"product","2":"type-product","3":"status-publish","5":"desktop-align-left","6":"tablet-align-left","7":"mobile-align-left","9":"first","10":"outofstock","11":"shipping-taxable","12":"purchasable","13":"product-type-simple"},"yoast_head":"<!-- This site is optimized with the Yoast SEO plugin v26.9 - https:\/\/yoast.com\/product\/yoast-seo-wordpress\/ -->\n<title>Mixer Versatile Black 127v (m-08) - Dinka-Ai<\/title>\n<meta name=\"robots\" content=\"noindex, follow, max-snippet:-1, max-image-preview:large, max-video-preview:-1\" \/>\n<meta property=\"og:locale\" content=\"pt_BR\" \/>\n<meta property=\"og:type\" content=\"article\" \/>\n<meta property=\"og:title\" content=\"Mixer Versatile Black 127v (m-08) - Dinka-Ai\" \/>\n<meta property=\"og:description\" content=\"Temos produtos personalizados com laser, m\u00e1quinas de corte, acr\u00edlico, MDF, vidros, copos, estampas, impress\u00e3o, chaveiros, brindes, gr\u00e1fica, f\u00e1brica, confec\u00e7\u00e3o de [&hellip;]\" \/>\n<meta property=\"og:url\" content=\"https:\/\/mydinka.com\/wordpress\/produto\/mixer-versatile-black-127v-m-08\/\" \/>\n<meta property=\"og:site_name\" content=\"Dinka-Ai\" \/>\n<meta name=\"twitter:card\" content=\"summary_large_image\" \/>\n<script type=\"application\/ld+json\" class=\"yoast-schema-graph\">{\"@context\":\"https:\/\/schema.org\",\"@graph\":[{\"@type\":\"WebPage\",\"@id\":\"https:\/\/mydinka.com\/wordpress\/produto\/mixer-versatile-black-127v-m-08\/\",\"url\":\"https:\/\/mydinka.com\/wordpress\/produto\/mixer-versatile-black-127v-m-08\/\",\"name\":\"Mixer Versatile Black 127v (m-08) - Dinka-Ai\",\"isPartOf\":{\"@id\":\"https:\/\/mydinka.com\/wordpress\/#website\"},\"datePublished\":\"2026-02-19T20:47:36+00:00\",\"breadcrumb\":{\"@id\":\"https:\/\/mydinka.com\/wordpress\/produto\/mixer-versatile-black-127v-m-08\/#breadcrumb\"},\"inLanguage\":\"pt-BR\",\"potentialAction\":[{\"@type\":\"ReadAction\",\"target\":[\"https:\/\/mydinka.com\/wordpress\/produto\/mixer-versatile-black-127v-m-08\/\"]}]},{\"@type\":\"BreadcrumbList\",\"@id\":\"https:\/\/mydinka.com\/wordpress\/produto\/mixer-versatile-black-127v-m-08\/#breadcrumb\",\"itemListElement\":[{\"@type\":\"ListItem\",\"position\":1,\"name\":\"Home\",\"item\":\"https:\/\/mydinka.com\/wordpress\/\"},{\"@type\":\"ListItem\",\"position\":2,\"name\":\"Loja\",\"item\":\"https:\/\/mydinka.com\/wordpress\/loja\/\"},{\"@type\":\"ListItem\",\"position\":3,\"name\":\"Mixer Versatile Black 127v (m-08)\"}]},{\"@type\":\"WebSite\",\"@id\":\"https:\/\/mydinka.com\/wordpress\/#website\",\"url\":\"https:\/\/mydinka.com\/wordpress\/\",\"name\":\"Dinka-Ai\",\"description\":\"\",\"potentialAction\":[{\"@type\":\"SearchAction\",\"target\":{\"@type\":\"EntryPoint\",\"urlTemplate\":\"https:\/\/mydinka.com\/wordpress\/?s={search_term_string}\"},\"query-input\":{\"@type\":\"PropertyValueSpecification\",\"valueRequired\":true,\"valueName\":\"search_term_string\"}}],\"inLanguage\":\"pt-BR\"}]}<\/script>\n<!-- \/ Yoast SEO plugin. -->","yoast_head_json":{"title":"Mixer Versatile Black 127v (m-08) - Dinka-Ai","robots":{"index":"noindex","follow":"follow","max-snippet":"max-snippet:-1","max-image-preview":"max-image-preview:large","max-video-preview":"max-video-preview:-1"},"og_locale":"pt_BR","og_type":"article","og_title":"Mixer Versatile Black 127v (m-08) - Dinka-Ai","og_description":"Temos produtos personalizados com laser, m\u00e1quinas de corte, acr\u00edlico, MDF, vidros, copos, estampas, impress\u00e3o, chaveiros, brindes, gr\u00e1fica, f\u00e1brica, confec\u00e7\u00e3o de [&hellip;]","og_url":"https:\/\/mydinka.com\/wordpress\/produto\/mixer-versatile-black-127v-m-08\/","og_site_name":"Dinka-Ai","twitter_card":"summary_large_image","schema":{"@context":"https:\/\/schema.org","@graph":[{"@type":"WebPage","@id":"https:\/\/mydinka.com\/wordpress\/produto\/mixer-versatile-black-127v-m-08\/","url":"https:\/\/mydinka.com\/wordpress\/produto\/mixer-versatile-black-127v-m-08\/","name":"Mixer Versatile Black 127v (m-08) - Dinka-Ai","isPartOf":{"@id":"https:\/\/mydinka.com\/wordpress\/#website"},"datePublished":"2026-02-19T20:47:36+00:00","breadcrumb":{"@id":"https:\/\/mydinka.com\/wordpress\/produto\/mixer-versatile-black-127v-m-08\/#breadcrumb"},"inLanguage":"pt-BR","potentialAction":[{"@type":"ReadAction","target":["https:\/\/mydinka.com\/wordpress\/produto\/mixer-versatile-black-127v-m-08\/"]}]},{"@type":"BreadcrumbList","@id":"https:\/\/mydinka.com\/wordpress\/produto\/mixer-versatile-black-127v-m-08\/#breadcrumb","itemListElement":[{"@type":"ListItem","position":1,"name":"Home","item":"https:\/\/mydinka.com\/wordpress\/"},{"@type":"ListItem","position":2,"name":"Loja","item":"https:\/\/mydinka.com\/wordpress\/loja\/"},{"@type":"ListItem","position":3,"name":"Mixer Versatile Black 127v (m-08)"}]},{"@type":"WebSite","@id":"https:\/\/mydinka.com\/wordpress\/#website","url":"https:\/\/mydinka.com\/wordpress\/","name":"Dinka-Ai","description":"","potentialAction":[{"@type":"SearchAction","target":{"@type":"EntryPoint","urlTemplate":"https:\/\/mydinka.com\/wordpress\/?s={search_term_string}"},"query-input":{"@type":"PropertyValueSpecification","valueRequired":true,"valueName":"search_term_string"}}],"inLanguage":"pt-BR"}]}},"_links":{"self":[{"href":"https:\/\/mydinka.com\/wordpress\/wp-json\/wp\/v2\/product\/2386","targetHints":{"allow":["GET"]}}],"collection":[{"href":"https:\/\/mydinka.com\/wordpress\/wp-json\/wp\/v2\/product"}],"about":[{"href":"https:\/\/mydinka.com\/wordpress\/wp-json\/wp\/v2\/types\/product"}],"replies":[{"embeddable":true,"href":"https:\/\/mydinka.com\/wordpress\/wp-json\/wp\/v2\/comments?post=2386"}],"wp:attachment":[{"href":"https:\/\/mydinka.com\/wordpress\/wp-json\/wp\/v2\/media?parent=2386"}],"wp:term":[{"taxonomy":"product_brand","embeddable":true,"href":"https:\/\/mydinka.com\/wordpress\/wp-json\/wp\/v2\/product_brand?post=2386"},{"taxonomy":"product_cat","embeddable":true,"href":"https:\/\/mydinka.com\/wordpress\/wp-json\/wp\/v2\/product_cat?post=2386"},{"taxonomy":"product_tag","embeddable":true,"href":"https:\/\/mydinka.com\/wordpress\/wp-json\/wp\/v2\/product_tag?post=2386"}],"curies":[{"name":"wp","href":"https:\/\/api.w.org\/{rel}","templated":true}]}}