{"id":2748,"date":"2026-02-19T17:50:00","date_gmt":"2026-02-19T20:50:00","guid":{"rendered":"https:\/\/mydinka.com\/wordpress\/produto\/cone-50cm-polietileno-branco-laranja-vonder\/"},"modified":"2026-03-24T16:59:51","modified_gmt":"2026-03-24T19:59:51","slug":"cone-50cm-polietileno-branco-laranja-vonder","status":"publish","type":"product","link":"https:\/\/mydinka.com\/wordpress\/produto\/cone-50cm-polietileno-branco-laranja-vonder\/","title":{"rendered":"Cone 50cm Polietileno Branco\/laranja Vonder"},"content":{"rendered":"<p>Descri\u00e7\u00e3o Geral<br \/>\nGarantia<br \/>\nIndicado para sinaliza\u00e7\u00e3o em geral, nos p\u00e1tios de ind\u00fastrias, supermercados, shopping centers, estacionamentos, entre outros. N\u00e3o normatizado para sinaliza\u00e7\u00e3o vi\u00e1ria.<\/p>\n<p>DETALHES T\u00c9CNICOS:<\/p>\n<p>Material do cone de sinaliza\u00e7\u00e3o: Polietileno<\/p>\n<p>Cor do cone de sinaliza\u00e7\u00e3o: Laranja e branco<\/p>\n<p>Altura do cone de sinaliza\u00e7\u00e3o: 50 cm<\/p>\n<p>Medida da base do cone de sinaliza\u00e7\u00e3o: 28 x 28cm<\/p>\n","protected":false},"excerpt":{"rendered":"<p>Descri\u00e7\u00e3o Geral Garantia Indicado para sinaliza\u00e7\u00e3o em geral, nos p\u00e1tios de ind\u00fastrias, supermercados, shopping centers, estacionamentos, entre outros. N\u00e3o normatizado [&hellip;]<\/p>\n","protected":false},"featured_media":2849,"comment_status":"open","ping_status":"closed","template":"","meta":{"site-sidebar-layout":"default","site-content-layout":"","ast-site-content-layout":"default","site-content-style":"default","site-sidebar-style":"default","ast-global-header-display":"","ast-banner-title-visibility":"","ast-main-header-display":"","ast-hfb-above-header-display":"","ast-hfb-below-header-display":"","ast-hfb-mobile-header-display":"","site-post-title":"","ast-breadcrumbs-content":"","ast-featured-img":"","footer-sml-layout":"","ast-disable-related-posts":"","theme-transparent-header-meta":"","adv-header-id-meta":"","stick-header-meta":"","header-above-stick-meta":"","header-main-stick-meta":"","header-below-stick-meta":"","astra-migrate-meta-layouts":"default","ast-page-background-enabled":"default","ast-page-background-meta":{"desktop":{"background-color":"var(--ast-global-color-5)","background-image":"","background-repeat":"repeat","background-position":"center center","background-size":"auto","background-attachment":"scroll","background-type":"","background-media":"","overlay-type":"","overlay-color":"","overlay-opacity":"","overlay-gradient":""},"tablet":{"background-color":"","background-image":"","background-repeat":"repeat","background-position":"center center","background-size":"auto","background-attachment":"scroll","background-type":"","background-media":"","overlay-type":"","overlay-color":"","overlay-opacity":"","overlay-gradient":""},"mobile":{"background-color":"","background-image":"","background-repeat":"repeat","background-position":"center center","background-size":"auto","background-attachment":"scroll","background-type":"","background-media":"","overlay-type":"","overlay-color":"","overlay-opacity":"","overlay-gradient":""}},"ast-content-background-meta":{"desktop":{"background-color":"var(--ast-global-color-4)","background-image":"","background-repeat":"repeat","background-position":"center center","background-size":"auto","background-attachment":"scroll","background-type":"","background-media":"","overlay-type":"","overlay-color":"","overlay-opacity":"","overlay-gradient":""},"tablet":{"background-color":"var(--ast-global-color-4)","background-image":"","background-repeat":"repeat","background-position":"center center","background-size":"auto","background-attachment":"scroll","background-type":"","background-media":"","overlay-type":"","overlay-color":"","overlay-opacity":"","overlay-gradient":""},"mobile":{"background-color":"var(--ast-global-color-4)","background-image":"","background-repeat":"repeat","background-position":"center center","background-size":"auto","background-attachment":"scroll","background-type":"","background-media":"","overlay-type":"","overlay-color":"","overlay-opacity":"","overlay-gradient":""}}},"product_brand":[],"product_cat":[],"product_tag":[],"class_list":{"0":"post-2748","1":"product","2":"type-product","3":"status-publish","4":"has-post-thumbnail","6":"desktop-align-left","7":"tablet-align-left","8":"mobile-align-left","10":"first","11":"outofstock","12":"shipping-taxable","13":"purchasable","14":"product-type-simple"},"yoast_head":"<!-- This site is optimized with the Yoast SEO plugin v26.9 - https:\/\/yoast.com\/product\/yoast-seo-wordpress\/ -->\n<title>Cone 50cm Polietileno Branco\/laranja Vonder - Dinka-Ai<\/title>\n<meta name=\"robots\" content=\"noindex, follow, max-snippet:-1, max-image-preview:large, max-video-preview:-1\" \/>\n<meta property=\"og:locale\" content=\"pt_BR\" \/>\n<meta property=\"og:type\" content=\"article\" \/>\n<meta property=\"og:title\" content=\"Cone 50cm Polietileno Branco\/laranja Vonder - Dinka-Ai\" \/>\n<meta property=\"og:description\" content=\"Descri\u00e7\u00e3o Geral Garantia Indicado para sinaliza\u00e7\u00e3o em geral, nos p\u00e1tios de ind\u00fastrias, supermercados, shopping centers, estacionamentos, entre outros. N\u00e3o normatizado [&hellip;]\" \/>\n<meta property=\"og:url\" content=\"https:\/\/mydinka.com\/wordpress\/produto\/cone-50cm-polietileno-branco-laranja-vonder\/\" \/>\n<meta property=\"og:site_name\" content=\"Dinka-Ai\" \/>\n<meta property=\"article:modified_time\" content=\"2026-03-24T19:59:51+00:00\" \/>\n<meta name=\"twitter:card\" content=\"summary_large_image\" \/>\n<script type=\"application\/ld+json\" class=\"yoast-schema-graph\">{\"@context\":\"https:\/\/schema.org\",\"@graph\":[{\"@type\":\"WebPage\",\"@id\":\"https:\/\/mydinka.com\/wordpress\/produto\/cone-50cm-polietileno-branco-laranja-vonder\/\",\"url\":\"https:\/\/mydinka.com\/wordpress\/produto\/cone-50cm-polietileno-branco-laranja-vonder\/\",\"name\":\"Cone 50cm Polietileno Branco\/laranja Vonder - Dinka-Ai\",\"isPartOf\":{\"@id\":\"https:\/\/mydinka.com\/wordpress\/#website\"},\"primaryImageOfPage\":{\"@id\":\"https:\/\/mydinka.com\/wordpress\/produto\/cone-50cm-polietileno-branco-laranja-vonder\/#primaryimage\"},\"image\":{\"@id\":\"https:\/\/mydinka.com\/wordpress\/produto\/cone-50cm-polietileno-branco-laranja-vonder\/#primaryimage\"},\"thumbnailUrl\":\"https:\/\/mydinka.com\/wordpress\/wp-content\/uploads\/2026\/02\/12327703406_cone-50cm-polietileno-branco-laranja-vonder-preco-comprar-online-loja-dinka.com_.br-12327703406_cone-50cm-polietileno-branco-laranja-vonder-2-1.png\",\"datePublished\":\"2026-02-19T20:50:00+00:00\",\"dateModified\":\"2026-03-24T19:59:51+00:00\",\"breadcrumb\":{\"@id\":\"https:\/\/mydinka.com\/wordpress\/produto\/cone-50cm-polietileno-branco-laranja-vonder\/#breadcrumb\"},\"inLanguage\":\"pt-BR\",\"potentialAction\":[{\"@type\":\"ReadAction\",\"target\":[\"https:\/\/mydinka.com\/wordpress\/produto\/cone-50cm-polietileno-branco-laranja-vonder\/\"]}]},{\"@type\":\"ImageObject\",\"inLanguage\":\"pt-BR\",\"@id\":\"https:\/\/mydinka.com\/wordpress\/produto\/cone-50cm-polietileno-branco-laranja-vonder\/#primaryimage\",\"url\":\"https:\/\/mydinka.com\/wordpress\/wp-content\/uploads\/2026\/02\/12327703406_cone-50cm-polietileno-branco-laranja-vonder-preco-comprar-online-loja-dinka.com_.br-12327703406_cone-50cm-polietileno-branco-laranja-vonder-2-1.png\",\"contentUrl\":\"https:\/\/mydinka.com\/wordpress\/wp-content\/uploads\/2026\/02\/12327703406_cone-50cm-polietileno-branco-laranja-vonder-preco-comprar-online-loja-dinka.com_.br-12327703406_cone-50cm-polietileno-branco-laranja-vonder-2-1.png\",\"width\":381,\"height\":437},{\"@type\":\"BreadcrumbList\",\"@id\":\"https:\/\/mydinka.com\/wordpress\/produto\/cone-50cm-polietileno-branco-laranja-vonder\/#breadcrumb\",\"itemListElement\":[{\"@type\":\"ListItem\",\"position\":1,\"name\":\"Home\",\"item\":\"https:\/\/mydinka.com\/wordpress\/\"},{\"@type\":\"ListItem\",\"position\":2,\"name\":\"Loja\",\"item\":\"https:\/\/mydinka.com\/wordpress\/loja\/\"},{\"@type\":\"ListItem\",\"position\":3,\"name\":\"Cone 50cm Polietileno Branco\/laranja Vonder\"}]},{\"@type\":\"WebSite\",\"@id\":\"https:\/\/mydinka.com\/wordpress\/#website\",\"url\":\"https:\/\/mydinka.com\/wordpress\/\",\"name\":\"Dinka-Ai\",\"description\":\"\",\"potentialAction\":[{\"@type\":\"SearchAction\",\"target\":{\"@type\":\"EntryPoint\",\"urlTemplate\":\"https:\/\/mydinka.com\/wordpress\/?s={search_term_string}\"},\"query-input\":{\"@type\":\"PropertyValueSpecification\",\"valueRequired\":true,\"valueName\":\"search_term_string\"}}],\"inLanguage\":\"pt-BR\"}]}<\/script>\n<!-- \/ Yoast SEO plugin. -->","yoast_head_json":{"title":"Cone 50cm Polietileno Branco\/laranja Vonder - Dinka-Ai","robots":{"index":"noindex","follow":"follow","max-snippet":"max-snippet:-1","max-image-preview":"max-image-preview:large","max-video-preview":"max-video-preview:-1"},"og_locale":"pt_BR","og_type":"article","og_title":"Cone 50cm Polietileno Branco\/laranja Vonder - Dinka-Ai","og_description":"Descri\u00e7\u00e3o Geral Garantia Indicado para sinaliza\u00e7\u00e3o em geral, nos p\u00e1tios de ind\u00fastrias, supermercados, shopping centers, estacionamentos, entre outros. N\u00e3o normatizado [&hellip;]","og_url":"https:\/\/mydinka.com\/wordpress\/produto\/cone-50cm-polietileno-branco-laranja-vonder\/","og_site_name":"Dinka-Ai","article_modified_time":"2026-03-24T19:59:51+00:00","twitter_card":"summary_large_image","schema":{"@context":"https:\/\/schema.org","@graph":[{"@type":"WebPage","@id":"https:\/\/mydinka.com\/wordpress\/produto\/cone-50cm-polietileno-branco-laranja-vonder\/","url":"https:\/\/mydinka.com\/wordpress\/produto\/cone-50cm-polietileno-branco-laranja-vonder\/","name":"Cone 50cm Polietileno Branco\/laranja Vonder - Dinka-Ai","isPartOf":{"@id":"https:\/\/mydinka.com\/wordpress\/#website"},"primaryImageOfPage":{"@id":"https:\/\/mydinka.com\/wordpress\/produto\/cone-50cm-polietileno-branco-laranja-vonder\/#primaryimage"},"image":{"@id":"https:\/\/mydinka.com\/wordpress\/produto\/cone-50cm-polietileno-branco-laranja-vonder\/#primaryimage"},"thumbnailUrl":"https:\/\/mydinka.com\/wordpress\/wp-content\/uploads\/2026\/02\/12327703406_cone-50cm-polietileno-branco-laranja-vonder-preco-comprar-online-loja-dinka.com_.br-12327703406_cone-50cm-polietileno-branco-laranja-vonder-2-1.png","datePublished":"2026-02-19T20:50:00+00:00","dateModified":"2026-03-24T19:59:51+00:00","breadcrumb":{"@id":"https:\/\/mydinka.com\/wordpress\/produto\/cone-50cm-polietileno-branco-laranja-vonder\/#breadcrumb"},"inLanguage":"pt-BR","potentialAction":[{"@type":"ReadAction","target":["https:\/\/mydinka.com\/wordpress\/produto\/cone-50cm-polietileno-branco-laranja-vonder\/"]}]},{"@type":"ImageObject","inLanguage":"pt-BR","@id":"https:\/\/mydinka.com\/wordpress\/produto\/cone-50cm-polietileno-branco-laranja-vonder\/#primaryimage","url":"https:\/\/mydinka.com\/wordpress\/wp-content\/uploads\/2026\/02\/12327703406_cone-50cm-polietileno-branco-laranja-vonder-preco-comprar-online-loja-dinka.com_.br-12327703406_cone-50cm-polietileno-branco-laranja-vonder-2-1.png","contentUrl":"https:\/\/mydinka.com\/wordpress\/wp-content\/uploads\/2026\/02\/12327703406_cone-50cm-polietileno-branco-laranja-vonder-preco-comprar-online-loja-dinka.com_.br-12327703406_cone-50cm-polietileno-branco-laranja-vonder-2-1.png","width":381,"height":437},{"@type":"BreadcrumbList","@id":"https:\/\/mydinka.com\/wordpress\/produto\/cone-50cm-polietileno-branco-laranja-vonder\/#breadcrumb","itemListElement":[{"@type":"ListItem","position":1,"name":"Home","item":"https:\/\/mydinka.com\/wordpress\/"},{"@type":"ListItem","position":2,"name":"Loja","item":"https:\/\/mydinka.com\/wordpress\/loja\/"},{"@type":"ListItem","position":3,"name":"Cone 50cm Polietileno Branco\/laranja Vonder"}]},{"@type":"WebSite","@id":"https:\/\/mydinka.com\/wordpress\/#website","url":"https:\/\/mydinka.com\/wordpress\/","name":"Dinka-Ai","description":"","potentialAction":[{"@type":"SearchAction","target":{"@type":"EntryPoint","urlTemplate":"https:\/\/mydinka.com\/wordpress\/?s={search_term_string}"},"query-input":{"@type":"PropertyValueSpecification","valueRequired":true,"valueName":"search_term_string"}}],"inLanguage":"pt-BR"}]}},"_links":{"self":[{"href":"https:\/\/mydinka.com\/wordpress\/wp-json\/wp\/v2\/product\/2748","targetHints":{"allow":["GET"]}}],"collection":[{"href":"https:\/\/mydinka.com\/wordpress\/wp-json\/wp\/v2\/product"}],"about":[{"href":"https:\/\/mydinka.com\/wordpress\/wp-json\/wp\/v2\/types\/product"}],"replies":[{"embeddable":true,"href":"https:\/\/mydinka.com\/wordpress\/wp-json\/wp\/v2\/comments?post=2748"}],"wp:featuredmedia":[{"embeddable":true,"href":"https:\/\/mydinka.com\/wordpress\/wp-json\/wp\/v2\/media\/2849"}],"wp:attachment":[{"href":"https:\/\/mydinka.com\/wordpress\/wp-json\/wp\/v2\/media?parent=2748"}],"wp:term":[{"taxonomy":"product_brand","embeddable":true,"href":"https:\/\/mydinka.com\/wordpress\/wp-json\/wp\/v2\/product_brand?post=2748"},{"taxonomy":"product_cat","embeddable":true,"href":"https:\/\/mydinka.com\/wordpress\/wp-json\/wp\/v2\/product_cat?post=2748"},{"taxonomy":"product_tag","embeddable":true,"href":"https:\/\/mydinka.com\/wordpress\/wp-json\/wp\/v2\/product_tag?post=2748"}],"curies":[{"name":"wp","href":"https:\/\/api.w.org\/{rel}","templated":true}]}}